{"id":55,"date":"2016-04-06T14:03:12","date_gmt":"2016-04-06T12:03:12","guid":{"rendered":"http:\/\/test.holzinger-gartengestaltung.de\/?page_id=55"},"modified":"2018-04-23T09:43:33","modified_gmt":"2018-04-23T07:43:33","slug":"ideen-planung","status":"publish","type":"page","link":"https:\/\/holzinger-gartengestaltung.de\/?page_id=55","title":{"rendered":"Ideen\/Planung"},"content":{"rendered":"<div id=\"pl-55\"  class=\"panel-layout\" ><div id=\"pg-55-0\"  class=\"panel-grid panel-no-style\" ><div id=\"pgc-55-0-0\"  class=\"panel-grid-cell\" ><div id=\"panel-55-0-0-0\" class=\"so-panel widget widget_black-studio-tinymce widget_black_studio_tinymce panel-first-child panel-last-child\" data-index=\"0\" ><div class=\"textwidget\"><h4><\/h4>\n<h4><span style=\"font-family: helvetica,arial,sans-serif;\"><strong><span style=\"color: #99cc00;\">Ideen und Planung<\/span> <\/strong><\/span><\/h4>\n<p>Am Anfang steht eine Idee. Wir helfen Ihnen Ihre Visionen und W\u00fcnsche umzusetzen und unterst\u00fctzen Sie mit kreativen Ideen bei Ihrer Gartenplanung. Aus der Idee entsteht das Konzept in Form eines Planes bis ins Detail.<\/p>\n<\/div><\/div><\/div><div id=\"pgc-55-0-1\"  class=\"panel-grid-cell\" ><div id=\"panel-55-0-1-0\" class=\"so-panel widget widget_black-studio-tinymce widget_black_studio_tinymce panel-first-child panel-last-child\" data-index=\"1\" ><div class=\"textwidget\"><p><img loading=\"lazy\" decoding=\"async\" class=\"alignnone wp-image-265 size-full\" src=\"https:\/\/holzinger-gartengestaltung.de\/wp-content\/uploads\/2016\/04\/IMGP6677.png\" alt=\"Ideen f\u00fcr Ihren Spielbereich im Garten\" width=\"340\" height=\"227\" srcset=\"https:\/\/holzinger-gartengestaltung.de\/wp-content\/uploads\/2016\/04\/IMGP6677.png 340w, https:\/\/holzinger-gartengestaltung.de\/wp-content\/uploads\/2016\/04\/IMGP6677-300x200.png 300w\" sizes=\"auto, (max-width: 340px) 100vw, 340px\" \/><\/p>\n<p><strong><span style=\"color: #99cc00;\">Welcher Garten passt zu Ihnen?<\/span><\/strong><br \/>\nWir beraten vor Ort und erstellen einen Entwurf oder Pflanzplan f\u00fcr sch\u00f6ne und pflegeleichte G\u00e4rten.<\/p>\n<\/div><\/div><\/div><div id=\"pgc-55-0-2\"  class=\"panel-grid-cell\" ><div id=\"panel-55-0-2-0\" class=\"so-panel widget widget_black-studio-tinymce widget_black_studio_tinymce panel-first-child panel-last-child\" data-index=\"2\" ><div class=\"textwidget\"><p><img loading=\"lazy\" decoding=\"async\" class=\"alignnone wp-image-266 size-full\" src=\"https:\/\/holzinger-gartengestaltung.de\/wp-content\/uploads\/2016\/04\/IMGP6683.png\" alt=\"Baumhaus von Holzinger Gartengestaltung\" width=\"340\" height=\"227\" srcset=\"https:\/\/holzinger-gartengestaltung.de\/wp-content\/uploads\/2016\/04\/IMGP6683.png 340w, https:\/\/holzinger-gartengestaltung.de\/wp-content\/uploads\/2016\/04\/IMGP6683-300x200.png 300w\" sizes=\"auto, (max-width: 340px) 100vw, 340px\" \/><\/p>\n<p>Neuanlage, Umgestaltung oder Teilgestaltung f\u00fcr: Terrasse, Rasen, Gartenteich, Spielbereich, Wege, Mauern und Nutzfl\u00e4chen. Schl\u00fcsselfertige Gartengestaltung oder mit Eigenleistung.<\/p>\n<\/div><\/div><\/div><\/div><\/div>","protected":false},"excerpt":{"rendered":"<p>Ideen und Planung Am Anfang steht eine Idee. Wir helfen Ihnen Ihre Visionen und W\u00fcnsche umzusetzen und unterst\u00fctzen Sie mit kreativen Ideen bei Ihrer Gartenplanung. Aus der Idee entsteht das Konzept in Form eines Planes bis ins Detail. Welcher Garten passt zu Ihnen? Wir beraten vor Ort und erstellen einen Entwurf oder Pflanzplan f\u00fcr sch\u00f6ne [&hellip;]<\/p>\n","protected":false},"author":1,"featured_media":0,"parent":0,"menu_order":0,"comment_status":"closed","ping_status":"closed","template":"template-front-fullslider.php","meta":{"footnotes":""},"class_list":["post-55","page","type-page","status-publish","hentry"],"_links":{"self":[{"href":"https:\/\/holzinger-gartengestaltung.de\/index.php?rest_route=\/wp\/v2\/pages\/55","targetHints":{"allow":["GET"]}}],"collection":[{"href":"https:\/\/holzinger-gartengestaltung.de\/index.php?rest_route=\/wp\/v2\/pages"}],"about":[{"href":"https:\/\/holzinger-gartengestaltung.de\/index.php?rest_route=\/wp\/v2\/types\/page"}],"author":[{"embeddable":true,"href":"https:\/\/holzinger-gartengestaltung.de\/index.php?rest_route=\/wp\/v2\/users\/1"}],"replies":[{"embeddable":true,"href":"https:\/\/holzinger-gartengestaltung.de\/index.php?rest_route=%2Fwp%2Fv2%2Fcomments&post=55"}],"version-history":[{"count":29,"href":"https:\/\/holzinger-gartengestaltung.de\/index.php?rest_route=\/wp\/v2\/pages\/55\/revisions"}],"predecessor-version":[{"id":309,"href":"https:\/\/holzinger-gartengestaltung.de\/index.php?rest_route=\/wp\/v2\/pages\/55\/revisions\/309"}],"wp:attachment":[{"href":"https:\/\/holzinger-gartengestaltung.de\/index.php?rest_route=%2Fwp%2Fv2%2Fmedia&parent=55"}],"curies":[{"name":"wp","href":"https:\/\/api.w.org\/{rel}","templated":true}]}}