{"id":161,"date":"2016-04-20T08:56:08","date_gmt":"2016-04-20T06:56:08","guid":{"rendered":"http:\/\/test.holzinger-gartengestaltung.de\/?page_id=161"},"modified":"2018-04-23T09:45:03","modified_gmt":"2018-04-23T07:45:03","slug":"impressum","status":"publish","type":"page","link":"https:\/\/holzinger-gartengestaltung.de\/?page_id=161","title":{"rendered":"Impressum"},"content":{"rendered":"<div id=\"pl-161\"  class=\"panel-layout\" ><div id=\"pg-161-0\"  class=\"panel-grid panel-no-style\" ><div id=\"pgc-161-0-0\"  class=\"panel-grid-cell\" ><div id=\"panel-161-0-0-0\" class=\"so-panel widget widget_black-studio-tinymce widget_black_studio_tinymce panel-first-child panel-last-child\" data-index=\"0\" ><div class=\"textwidget\"><h4 class=\"middle\"><span style=\"color: #99cc00; font-family: helvetica,arial,sans-serif;\">Impressum<\/span><\/h4>\n<p class=\"middle\"><strong>Angaben gem\u00e4\u00df \u00a7 5 TMG:<\/strong><br \/>Dirk Holzinger<br \/>Holzinger Garten- und Landschaftsbau<br \/>Am Dorfplatz 3<br \/>91171 Oberm\u00e4ssing<\/p>\n<p class=\"middle\"><strong>Kontakt<\/strong>:<br \/>Telefon: 08469 901452<br \/>Telefax: 08469 901451<br \/>E-Mail: info@holzinger-gartengestaltung.de<\/p>\n<p class=\"middle\"><strong>Umsatzsteuer:<\/strong><br \/>Umsatzsteuer-Identifikationsnummer gem\u00e4\u00df \u00a727 a Umsatzsteuergesetz:<br \/>DE 223 229 601<\/p>\n<p class=\"middle\"><strong>Angaben zur Berufshaftpflichtversicherung<\/strong><br \/>Name und Sitz des Versicherers:<br \/>INTER Allgemeine Versicherung AG<br \/>Erbergerstr. 9-15<br \/>68165 Mannheim<br \/>Geltungsraum der Versicherung: Deutschland<\/p>\n<\/div><\/div><\/div><div id=\"pgc-161-0-1\"  class=\"panel-grid-cell\" ><div id=\"panel-161-0-1-0\" class=\"so-panel widget widget_black-studio-tinymce widget_black_studio_tinymce panel-first-child panel-last-child\" data-index=\"1\" ><div class=\"textwidget\"><div id=\"col4\" class=\"col last\">\n<h4><span style=\"color: #99cc00; font-family: helvetica,arial,sans-serif;\">Streitschlichtung<\/span><\/h4>\n<p>Wir sind nicht bereit oder verpflichtet, an Streitbeilegungsverfahren vor einer Verbraucherschlichtungsstelle teilzunehmen.<\/p>\n<h4><span style=\"color: #99cc00; font-family: helvetica,arial,sans-serif;\">Haftung f\u00fcr Inhalte<br \/>\n<\/span><\/h4>\n<p>Als Diensteanbieter sind wir gem\u00e4\u00df \u00a7 7 Abs.1 TMG f\u00fcr eigene Inhalte auf diesen Seiten nach den allgemeinen Gesetzen verantwortlich. Nach \u00a7\u00a7 8 bis 10 TMG sind wir als Diensteanbieter jedoch nicht verpflichtet, \u00fcbermittelte oder gespeicherte fremde Informationen zu \u00fcberwachen oder nach Umst\u00e4nden zu forschen, die auf eine rechtswidrige T\u00e4tigkeit hinweisen. Verpflichtungen zur Entfernung oder Sperrung der Nutzung von Informationen nach den allgemeinen<br \/>\nGesetzen bleiben hiervon unber\u00fchrt. Eine diesbez\u00fcgliche Haftung ist jedoch erst ab dem Zeitpunkt der Kenntnis einer konkreten Rechtsverletzung m\u00f6glich. Bei Bekanntwerden von entsprechenden Rechtsverletzungen werden wir diese Inhalte umgehend entfernen.<\/p>\n<h4><span style=\"color: #99cc00; font-family: helvetica,arial,sans-serif;\">Haftung f\u00fcr Links<br \/>\n<\/span><\/h4>\n<p>Unser Angebot enth\u00e4lt Links zu externen Webseiten Dritter, auf deren Inhalte wir keinen Einfluss haben. Deshalb k\u00f6nnen wir f\u00fcr diese fremden Inhalte auch keine Gew\u00e4hr \u00fcbernehmen. F\u00fcr die Inhalte der verlinkten Seiten ist stets der jeweilige Anbieter oder Betreiber der Seiten verantwortlich. Die verlinkten Seiten wurden zum Zeitpunkt der Verlinkung auf m\u00f6gliche Rechtsverst\u00f6\u00dfe \u00fcberpr\u00fcft. Rechtswidrige Inhalte waren zum Zeitpunkt der Verlinkung nicht erkennbar.<br \/>\nEine permanente inhaltliche Kontrolle der verlinkten Seiten ist jedoch ohne konkrete Anhaltspunkte einer Rechtsverletzung nicht zumutbar. Bei Bekanntwerden von Rechtsverletzungen werden wir derartige Links umgehend entfernen.<\/p>\n<h4><span style=\"color: #99cc00; font-family: helvetica,arial,sans-serif;\">Urheberrecht<\/span><\/h4>\n<p>Die durch die Seitenbetreiber erstellten Inhalte und Werke auf diesen Seiten unterliegen dem deutschen Urheberrecht. Die Vervielf\u00e4ltigung, Bearbeitung, Verbreitung und jede Art der Verwertung au\u00dferhalb der Grenzen des Urheberrechtes bed\u00fcrfen der schriftlichen Zustimmung des jeweiligen Autors bzw. Erstellers. Downloads und Kopien dieser Seite sind nur f\u00fcr den privaten, nicht kommerziellen Gebrauch gestattet. Soweit die Inhalte auf dieser Seite nicht vom Betreiber erstellt wurden, werden die Urheberrechte Dritter beachtet. Insbesondere werden Inhalte Dritter als solche gekennzeichnet. Sollten Sie trotzdem auf eine Urheberrechtsverletzung aufmerksam werden, bitten wir um einen entsprechenden Hinweis. Bei Bekanntwerden von Rechtsverletzungen werden wir derartige Inhalte umgehend entfernen.<\/p>\n<p>Quelle: https:\/\/www.e-recht24.de<\/p><\/div>\n<p>&nbsp;<\/p>\n<p><span style=\"color: #99cc00;\"><strong><span style=\"font-family: helvetica, arial, sans-serif;\">Verwendete Bildlizenzen<br \/>\n<\/span><\/strong><\/span><\/p>\n<p>Bildquelle der Bilder ist u. a. www.fotolia.de (\u00a9 Rosalie P. - fotolia.com, \u00a9 Artalis-Kartographie - fotolia.com,\u00a0\u00a9 kazy - fotolia.com,\u00a0\u00a9 purplequeue - fotolia.com,\u00a0\u00a9 Elenathewise - fotolia.com,\u00a0\u00a9 agmacolor - fotolia.com)<\/p>\n<p>&nbsp;<\/p>\n<\/div><\/div><\/div><\/div><\/div>","protected":false},"excerpt":{"rendered":"<p>ImpressumAngaben gem\u00e4\u00df \u00a7 5 TMG:Dirk HolzingerHolzinger Garten- und LandschaftsbauAm Dorfplatz 391171 Oberm\u00e4ssingKontakt:Telefon: 08469 901452Telefax: 08469 901451E-Mail: info@holzinger-gartengestaltung.deUmsatzsteuer:Umsatzsteuer-Identifikationsnummer gem\u00e4\u00df \u00a727 a Umsatzsteuergesetz:DE 223 229 601Angaben zur BerufshaftpflichtversicherungName und Sitz des Versicherers:INTER Allgemeine Versicherung AGErbergerstr. 9-1568165 MannheimGeltungsraum der Versicherung: Deutschland Streitschlichtung Wir sind nicht bereit oder verpflichtet, an Streitbeilegungsverfahren vor einer Verbraucherschlichtungsstelle teilzunehmen. Haftung f\u00fcr Inhalte Als [&hellip;]<\/p>\n","protected":false},"author":1,"featured_media":0,"parent":0,"menu_order":0,"comment_status":"closed","ping_status":"closed","template":"","meta":{"footnotes":""},"class_list":["post-161","page","type-page","status-publish","hentry"],"_links":{"self":[{"href":"https:\/\/holzinger-gartengestaltung.de\/index.php?rest_route=\/wp\/v2\/pages\/161","targetHints":{"allow":["GET"]}}],"collection":[{"href":"https:\/\/holzinger-gartengestaltung.de\/index.php?rest_route=\/wp\/v2\/pages"}],"about":[{"href":"https:\/\/holzinger-gartengestaltung.de\/index.php?rest_route=\/wp\/v2\/types\/page"}],"author":[{"embeddable":true,"href":"https:\/\/holzinger-gartengestaltung.de\/index.php?rest_route=\/wp\/v2\/users\/1"}],"replies":[{"embeddable":true,"href":"https:\/\/holzinger-gartengestaltung.de\/index.php?rest_route=%2Fwp%2Fv2%2Fcomments&post=161"}],"version-history":[{"count":11,"href":"https:\/\/holzinger-gartengestaltung.de\/index.php?rest_route=\/wp\/v2\/pages\/161\/revisions"}],"predecessor-version":[{"id":311,"href":"https:\/\/holzinger-gartengestaltung.de\/index.php?rest_route=\/wp\/v2\/pages\/161\/revisions\/311"}],"wp:attachment":[{"href":"https:\/\/holzinger-gartengestaltung.de\/index.php?rest_route=%2Fwp%2Fv2%2Fmedia&parent=161"}],"curies":[{"name":"wp","href":"https:\/\/api.w.org\/{rel}","templated":true}]}}