{"id":124,"date":"2016-04-19T13:31:50","date_gmt":"2016-04-19T11:31:50","guid":{"rendered":"http:\/\/test.holzinger-gartengestaltung.de\/?page_id=124"},"modified":"2018-05-24T10:02:21","modified_gmt":"2018-05-24T08:02:21","slug":"dienste-pflege","status":"publish","type":"page","link":"https:\/\/holzinger-gartengestaltung.de\/?page_id=124","title":{"rendered":"Dienste\/Pflege"},"content":{"rendered":"<div id=\"pl-124\"  class=\"panel-layout\" ><div id=\"pg-124-0\"  class=\"panel-grid panel-no-style\" ><div id=\"pgc-124-0-0\"  class=\"panel-grid-cell\" ><div id=\"panel-124-0-0-0\" class=\"so-panel widget widget_black-studio-tinymce widget_black_studio_tinymce panel-first-child panel-last-child\" data-index=\"0\" ><div class=\"textwidget\"><p><img loading=\"lazy\" decoding=\"async\" class=\"alignnone wp-image-262 size-full\" src=\"https:\/\/holzinger-gartengestaltung.de\/wp-content\/uploads\/2016\/04\/DSCN6175.png\" alt=\"Baumschnitt\" width=\"340\" height=\"227\" srcset=\"https:\/\/holzinger-gartengestaltung.de\/wp-content\/uploads\/2016\/04\/DSCN6175.png 340w, https:\/\/holzinger-gartengestaltung.de\/wp-content\/uploads\/2016\/04\/DSCN6175-300x200.png 300w\" sizes=\"auto, (max-width: 340px) 100vw, 340px\" \/><\/p>\n<p>Damit Sie dauerhaft Freude an Ihrem Traumgarten haben unterst\u00fctzen wir Sie gerne bei der Gartenpflege und bieten dazu unseren Gartenservice.<\/p>\n<\/div><\/div><\/div><div id=\"pgc-124-0-1\"  class=\"panel-grid-cell\" ><div id=\"panel-124-0-1-0\" class=\"so-panel widget widget_black-studio-tinymce widget_black_studio_tinymce panel-first-child panel-last-child\" data-index=\"1\" ><div class=\"textwidget\"><p><img loading=\"lazy\" decoding=\"async\" class=\"alignnone wp-image-334\" src=\"https:\/\/holzinger-gartengestaltung.de\/wp-content\/uploads\/2018\/05\/DSCN6155_Zuschnitt.jpg\" alt=\"\" width=\"340\" height=\"227\" srcset=\"https:\/\/holzinger-gartengestaltung.de\/wp-content\/uploads\/2018\/05\/DSCN6155_Zuschnitt.jpg 960w, https:\/\/holzinger-gartengestaltung.de\/wp-content\/uploads\/2018\/05\/DSCN6155_Zuschnitt-300x200.jpg 300w, https:\/\/holzinger-gartengestaltung.de\/wp-content\/uploads\/2018\/05\/DSCN6155_Zuschnitt-768x513.jpg 768w, https:\/\/holzinger-gartengestaltung.de\/wp-content\/uploads\/2018\/05\/DSCN6155_Zuschnitt-360x240.jpg 360w, https:\/\/holzinger-gartengestaltung.de\/wp-content\/uploads\/2018\/05\/DSCN6155_Zuschnitt-850x567.jpg 850w\" sizes=\"auto, (max-width: 340px) 100vw, 340px\" \/><\/p>\n<p><span style=\"color: #99cc00;\"><strong>Schneidearbeiten<\/strong><\/span><\/p>\n<ul>\n<li>Obstbaumschnitt, Heckenschnitt, Str\u00e4ucher- und Pflanzenr\u00fcckschnitt passend zur Jahreszeit<\/li>\n<li>Baumf\u00e4llungen<\/li>\n<\/ul>\n<\/div><\/div><\/div><div id=\"pgc-124-0-2\"  class=\"panel-grid-cell\" ><div id=\"panel-124-0-2-0\" class=\"so-panel widget widget_black-studio-tinymce widget_black_studio_tinymce panel-first-child panel-last-child\" data-index=\"2\" ><div class=\"textwidget\"><p><img loading=\"lazy\" decoding=\"async\" class=\"alignnone wp-image-230 size-full\" src=\"https:\/\/holzinger-gartengestaltung.de\/wp-content\/uploads\/2016\/04\/Bild_imText2_SN-e1517660995740.jpg\" alt=\"Rasen ans\u00e4en\" width=\"339\" height=\"226\" srcset=\"https:\/\/holzinger-gartengestaltung.de\/wp-content\/uploads\/2016\/04\/Bild_imText2_SN-e1517660995740.jpg 339w, https:\/\/holzinger-gartengestaltung.de\/wp-content\/uploads\/2016\/04\/Bild_imText2_SN-e1517660995740-300x200.jpg 300w\" sizes=\"auto, (max-width: 339px) 100vw, 339px\" \/><\/p>\n<p><span style=\"color: #99cc00;\"><strong>Rasenpflege <\/strong><\/span><\/p>\n<ul>\n<li>Rasenm\u00e4hen, spezifische D\u00fcngungen<\/li>\n<li>Rasen vertikutieren<\/li>\n<li>Rodungsarbeiten<\/li>\n<\/ul>\n<p><span style=\"color: #333333;\">\u00a0<\/span><\/p>\n<\/div><\/div><\/div><\/div><\/div>","protected":false},"excerpt":{"rendered":"<p>Damit Sie dauerhaft Freude an Ihrem Traumgarten haben unterst\u00fctzen wir Sie gerne bei der Gartenpflege und bieten dazu unseren Gartenservice. Schneidearbeiten Obstbaumschnitt, Heckenschnitt, Str\u00e4ucher- und Pflanzenr\u00fcckschnitt passend zur Jahreszeit Baumf\u00e4llungen Rasenpflege Rasenm\u00e4hen, spezifische D\u00fcngungen Rasen vertikutieren Rodungsarbeiten \u00a0<\/p>\n","protected":false},"author":1,"featured_media":0,"parent":0,"menu_order":0,"comment_status":"closed","ping_status":"closed","template":"template-front-fullslider.php","meta":{"footnotes":""},"class_list":["post-124","page","type-page","status-publish","hentry"],"_links":{"self":[{"href":"https:\/\/holzinger-gartengestaltung.de\/index.php?rest_route=\/wp\/v2\/pages\/124","targetHints":{"allow":["GET"]}}],"collection":[{"href":"https:\/\/holzinger-gartengestaltung.de\/index.php?rest_route=\/wp\/v2\/pages"}],"about":[{"href":"https:\/\/holzinger-gartengestaltung.de\/index.php?rest_route=\/wp\/v2\/types\/page"}],"author":[{"embeddable":true,"href":"https:\/\/holzinger-gartengestaltung.de\/index.php?rest_route=\/wp\/v2\/users\/1"}],"replies":[{"embeddable":true,"href":"https:\/\/holzinger-gartengestaltung.de\/index.php?rest_route=%2Fwp%2Fv2%2Fcomments&post=124"}],"version-history":[{"count":28,"href":"https:\/\/holzinger-gartengestaltung.de\/index.php?rest_route=\/wp\/v2\/pages\/124\/revisions"}],"predecessor-version":[{"id":336,"href":"https:\/\/holzinger-gartengestaltung.de\/index.php?rest_route=\/wp\/v2\/pages\/124\/revisions\/336"}],"wp:attachment":[{"href":"https:\/\/holzinger-gartengestaltung.de\/index.php?rest_route=%2Fwp%2Fv2%2Fmedia&parent=124"}],"curies":[{"name":"wp","href":"https:\/\/api.w.org\/{rel}","templated":true}]}}